{"id":237,"date":"2025-04-10T13:19:05","date_gmt":"2025-04-10T11:19:05","guid":{"rendered":"http:\/\/grouphl.cluster030.hosting.ovh.net\/?page_id=237"},"modified":"2025-05-28T22:14:04","modified_gmt":"2025-05-28T20:14:04","slug":"contact-2","status":"publish","type":"page","link":"https:\/\/www.groupeefficience.com\/index.php\/contact-2\/","title":{"rendered":"Contact"},"content":{"rendered":"\t\t<div data-elementor-type=\"wp-page\" data-elementor-id=\"237\" class=\"elementor elementor-237\" data-elementor-post-type=\"page\">\n\t\t\t\t<div class=\"elementor-element elementor-element-1399ddd e-con-full e-flex e-con e-parent\" data-id=\"1399ddd\" data-element_type=\"container\" data-e-type=\"container\">\n\t\t\t\t<div class=\"elementor-element elementor-element-66ba88e elementor--h-position-center elementor--v-position-middle elementor-arrows-position-inside elementor-widget elementor-widget-slides\" data-id=\"66ba88e\" data-element_type=\"widget\" data-e-type=\"widget\" data-settings=\"{&quot;navigation&quot;:&quot;arrows&quot;,&quot;autoplay&quot;:&quot;yes&quot;,&quot;pause_on_hover&quot;:&quot;yes&quot;,&quot;pause_on_interaction&quot;:&quot;yes&quot;,&quot;autoplay_speed&quot;:5000,&quot;infinite&quot;:&quot;yes&quot;,&quot;transition&quot;:&quot;slide&quot;,&quot;transition_speed&quot;:500}\" data-widget_type=\"slides.default\">\n\t\t\t\t<div class=\"elementor-widget-container\">\n\t\t\t\t\t\t\t\t\t<div class=\"elementor-swiper\">\n\t\t\t\t\t<div class=\"elementor-slides-wrapper elementor-main-swiper swiper\" role=\"region\" aria-roledescription=\"carousel\" aria-label=\"Diapositives\" dir=\"ltr\" data-animation=\"fadeInUp\">\n\t\t\t\t<div class=\"swiper-wrapper elementor-slides\">\n\t\t\t\t\t\t\t\t\t\t<div class=\"elementor-repeater-item-b60b7cc swiper-slide\" role=\"group\" aria-roledescription=\"slide\"><div class=\"swiper-slide-bg\" role=\"img\" aria-label=\"groupe_efficience_conseil-contactUNE\"><\/div><div class=\"swiper-slide-inner\" ><div class=\"swiper-slide-contents\"><\/div><\/div><\/div>\t\t\t\t<\/div>\n\t\t\t\t\t\t\t<\/div>\n\t\t\t\t<\/div>\n\t\t\t\t\t\t\t\t<\/div>\n\t\t\t\t<\/div>\n\t\t\t\t<\/div>\n\t\t<div class=\"elementor-element elementor-element-a4e10ed e-flex e-con-boxed e-con e-parent\" data-id=\"a4e10ed\" data-element_type=\"container\" data-e-type=\"container\">\n\t\t\t\t\t<div class=\"e-con-inner\">\n\t\t<div class=\"elementor-element elementor-element-d6d8c1a e-grid e-con-full e-con e-child\" data-id=\"d6d8c1a\" data-element_type=\"container\" data-e-type=\"container\">\n\t\t<div class=\"elementor-element elementor-element-3cff287 e-con-full e-flex e-con e-child\" data-id=\"3cff287\" data-element_type=\"container\" data-e-type=\"container\">\n\t\t\t\t<div class=\"elementor-element elementor-element-c6532c5 elementor-widget elementor-widget-heading\" data-id=\"c6532c5\" data-element_type=\"widget\" data-e-type=\"widget\" data-widget_type=\"heading.default\">\n\t\t\t\t<div class=\"elementor-widget-container\">\n\t\t\t\t\t<h2 class=\"elementor-heading-title elementor-size-default\">Demandez <br>\nvotre diagnostic complet<br>\nsans engagement<\/h2>\t\t\t\t<\/div>\n\t\t\t\t<\/div>\n\t\t\t\t<\/div>\n\t\t\t\t<div class=\"elementor-element elementor-element-f4b52ce elementor-button-align-stretch elementor-widget elementor-widget-form\" data-id=\"f4b52ce\" data-element_type=\"widget\" data-e-type=\"widget\" data-settings=\"{&quot;step_next_label&quot;:&quot;Suivant&quot;,&quot;step_previous_label&quot;:&quot;Pr\\u00e9c\\u00e9dent&quot;,&quot;button_width&quot;:&quot;100&quot;,&quot;step_type&quot;:&quot;number_text&quot;,&quot;step_icon_shape&quot;:&quot;circle&quot;}\" data-widget_type=\"form.default\">\n\t\t\t\t<div class=\"elementor-widget-container\">\n\t\t\t\t\t\t\t<form class=\"elementor-form\" method=\"post\" name=\"formulaire CG\" aria-label=\"formulaire CG\">\n\t\t\t<input type=\"hidden\" name=\"post_id\" value=\"237\"\/>\n\t\t\t<input type=\"hidden\" name=\"form_id\" value=\"f4b52ce\"\/>\n\t\t\t<input type=\"hidden\" name=\"referer_title\" value=\"Groupe Efficience Conseil\" \/>\n\n\t\t\t\n\t\t\t<div class=\"elementor-form-fields-wrapper elementor-labels-\">\n\t\t\t\t\t\t\t\t<div class=\"elementor-field-type-step elementor-field-group elementor-column elementor-field-group-field_4cb4d89 elementor-col-100\">\n\t\t\t\t\t\t\t<div class=\"e-field-step elementor-hidden\" data-label=\"\" data-previousButton=\"\" data-nextButton=\"\" data-iconUrl=\"\" data-iconLibrary=\"fas fa-star\" data-icon=\"&lt;svg class=&quot;e-font-icon-svg e-fas-star&quot; viewBox=&quot;0 0 576 512&quot; xmlns=&quot;http:\/\/www.w3.org\/2000\/svg&quot;&gt;&lt;path d=&quot;M259.3 17.8L194 150.2 47.9 171.5c-26.2 3.8-36.7 36.1-17.7 54.6l105.7 103-25 145.5c-4.5 26.3 23.2 46 46.4 33.7L288 439.6l130.7 68.7c23.2 12.2 50.9-7.4 46.4-33.7l-25-145.5 105.7-103c19-18.5 8.5-50.8-17.7-54.6L382 150.2 316.7 17.8c-11.7-23.6-45.6-23.9-57.4 0z&quot;&gt;&lt;\/path&gt;&lt;\/svg&gt;\" ><\/div>\n\n\t\t\t\t\t\t<\/div>\n\t\t\t\t\t\t\t\t<div class=\"elementor-field-type-text elementor-field-group elementor-column elementor-field-group-name elementor-col-50 elementor-field-required\">\n\t\t\t\t\t\t\t\t\t\t\t\t<label for=\"form-field-name\" class=\"elementor-field-label elementor-screen-only\">\n\t\t\t\t\t\t\t\tNom\t\t\t\t\t\t\t<\/label>\n\t\t\t\t\t\t\t\t\t\t\t\t\t\t<input size=\"1\" type=\"text\" name=\"form_fields[name]\" id=\"form-field-name\" class=\"elementor-field elementor-size-sm  elementor-field-textual\" placeholder=\"Nom\" required=\"required\">\n\t\t\t\t\t\t\t\t\t\t\t<\/div>\n\t\t\t\t\t\t\t\t<div class=\"elementor-field-type-text elementor-field-group elementor-column elementor-field-group-field_b62cedf elementor-col-50 elementor-field-required\">\n\t\t\t\t\t\t\t\t\t\t\t\t<label for=\"form-field-field_b62cedf\" class=\"elementor-field-label elementor-screen-only\">\n\t\t\t\t\t\t\t\tPr\u00e9nom\t\t\t\t\t\t\t<\/label>\n\t\t\t\t\t\t\t\t\t\t\t\t\t\t<input size=\"1\" type=\"text\" name=\"form_fields[field_b62cedf]\" id=\"form-field-field_b62cedf\" class=\"elementor-field elementor-size-sm  elementor-field-textual\" placeholder=\"Pr\u00e9nom\" required=\"required\">\n\t\t\t\t\t\t\t\t\t\t\t<\/div>\n\t\t\t\t\t\t\t\t<div class=\"elementor-field-type-email elementor-field-group elementor-column elementor-field-group-email elementor-col-50 elementor-field-required\">\n\t\t\t\t\t\t\t\t\t\t\t\t<label for=\"form-field-email\" class=\"elementor-field-label elementor-screen-only\">\n\t\t\t\t\t\t\t\tE-mail\t\t\t\t\t\t\t<\/label>\n\t\t\t\t\t\t\t\t\t\t\t\t\t\t<input size=\"1\" type=\"email\" name=\"form_fields[email]\" id=\"form-field-email\" class=\"elementor-field elementor-size-sm  elementor-field-textual\" placeholder=\"E-mail\" required=\"required\">\n\t\t\t\t\t\t\t\t\t\t\t<\/div>\n\t\t\t\t\t\t\t\t<div class=\"elementor-field-type-tel elementor-field-group elementor-column elementor-field-group-field_e4b56ae elementor-col-50 elementor-field-required\">\n\t\t\t\t\t\t\t\t\t\t\t\t<label for=\"form-field-field_e4b56ae\" class=\"elementor-field-label elementor-screen-only\">\n\t\t\t\t\t\t\t\tT\u00e9l.\t\t\t\t\t\t\t<\/label>\n\t\t\t\t\t\t\t\t<input size=\"1\" type=\"tel\" name=\"form_fields[field_e4b56ae]\" id=\"form-field-field_e4b56ae\" class=\"elementor-field elementor-size-sm  elementor-field-textual\" placeholder=\"T\u00e9l.\" required=\"required\" pattern=\"[0-9()#&amp;+*-=.]+\" title=\"Seuls les caract\u00e8res de num\u00e9ros de t\u00e9l\u00e9phone (#, -, *, etc.) sont accept\u00e9s.\">\n\n\t\t\t\t\t\t<\/div>\n\t\t\t\t\t\t\t\t<div class=\"elementor-field-type-textarea elementor-field-group elementor-column elementor-field-group-message elementor-col-100 elementor-field-required\">\n\t\t\t\t\t\t\t\t\t\t\t\t<label for=\"form-field-message\" class=\"elementor-field-label elementor-screen-only\">\n\t\t\t\t\t\t\t\tMessage\t\t\t\t\t\t\t<\/label>\n\t\t\t\t\t\t<textarea class=\"elementor-field-textual elementor-field  elementor-size-sm\" name=\"form_fields[message]\" id=\"form-field-message\" rows=\"4\" placeholder=\"Message\" required=\"required\"><\/textarea>\t\t\t\t<\/div>\n\t\t\t\t\t\t\t\t<div class=\"elementor-field-type-checkbox elementor-field-group elementor-column elementor-field-group-field_80d7a1b elementor-col-100\">\n\t\t\t\t\t\t\t\t\t\t\t\t<label for=\"form-field-field_80d7a1b\" class=\"elementor-field-label elementor-screen-only\">\n\t\t\t\t\t\t\t\t\u00e0 cocher\t\t\t\t\t\t\t<\/label>\n\t\t\t\t\t\t<div class=\"elementor-field-subgroup  \"><span class=\"elementor-field-option\"><input type=\"checkbox\" value=\"audit\" id=\"form-field-field_80d7a1b-0\" name=\"form_fields[field_80d7a1b][]\"> <label for=\"form-field-field_80d7a1b-0\">audit<\/label><\/span><span class=\"elementor-field-option\"><input type=\"checkbox\" value=\"retraite\" id=\"form-field-field_80d7a1b-1\" name=\"form_fields[field_80d7a1b][]\"> <label for=\"form-field-field_80d7a1b-1\">retraite<\/label><\/span><span class=\"elementor-field-option\"><input type=\"checkbox\" value=\"\u00e9pargne\" id=\"form-field-field_80d7a1b-2\" name=\"form_fields[field_80d7a1b][]\"> <label for=\"form-field-field_80d7a1b-2\">\u00e9pargne<\/label><\/span><span class=\"elementor-field-option\"><input type=\"checkbox\" value=\"pr\u00e9voyance\" id=\"form-field-field_80d7a1b-3\" name=\"form_fields[field_80d7a1b][]\"> <label for=\"form-field-field_80d7a1b-3\">pr\u00e9voyance<\/label><\/span><span class=\"elementor-field-option\"><input type=\"checkbox\" value=\"sante\" id=\"form-field-field_80d7a1b-4\" name=\"form_fields[field_80d7a1b][]\"> <label for=\"form-field-field_80d7a1b-4\">sante<\/label><\/span><span class=\"elementor-field-option\"><input type=\"checkbox\" value=\"rejoindre le groupe\" id=\"form-field-field_80d7a1b-5\" name=\"form_fields[field_80d7a1b][]\"> <label for=\"form-field-field_80d7a1b-5\">rejoindre le groupe<\/label><\/span><\/div>\t\t\t\t<\/div>\n\t\t\t\t\t\t\t\t<div class=\"elementor-field-type-step elementor-field-group elementor-column elementor-field-group-field_8c6c7a2 elementor-col-100\">\n\t\t\t\t\t\t\t<div class=\"e-field-step elementor-hidden\" data-label=\"\" data-previousButton=\"\" data-nextButton=\"\" data-iconUrl=\"\" data-iconLibrary=\"fas fa-star\" data-icon=\"&lt;svg class=&quot;e-font-icon-svg e-fas-star&quot; viewBox=&quot;0 0 576 512&quot; xmlns=&quot;http:\/\/www.w3.org\/2000\/svg&quot;&gt;&lt;path d=&quot;M259.3 17.8L194 150.2 47.9 171.5c-26.2 3.8-36.7 36.1-17.7 54.6l105.7 103-25 145.5c-4.5 26.3 23.2 46 46.4 33.7L288 439.6l130.7 68.7c23.2 12.2 50.9-7.4 46.4-33.7l-25-145.5 105.7-103c19-18.5 8.5-50.8-17.7-54.6L382 150.2 316.7 17.8c-11.7-23.6-45.6-23.9-57.4 0z&quot;&gt;&lt;\/path&gt;&lt;\/svg&gt;\" ><\/div>\n\n\t\t\t\t\t\t<\/div>\n\t\t\t\t\t\t\t\t<div class=\"elementor-field-type-acceptance elementor-field-group elementor-column elementor-field-group-field_7862e24 elementor-col-100 elementor-field-required\">\n\t\t\t\t\t\t\t\t\t\t\t\t<label for=\"form-field-field_7862e24\" class=\"elementor-field-label elementor-screen-only\">\n\t\t\t\t\t\t\t\tRGPD accepter\t\t\t\t\t\t\t<\/label>\n\t\t\t\t\t\t\t\t<div class=\"elementor-field-subgroup\">\n\t\t\t<span class=\"elementor-field-option\">\n\t\t\t\t<input type=\"checkbox\" name=\"form_fields[field_7862e24]\" id=\"form-field-field_7862e24\" class=\"elementor-field elementor-size-sm  elementor-acceptance-field\" required=\"required\">\n\t\t\t\t<label for=\"form-field-field_7862e24\">Les donn\u00e9es personnelles recueillies sur ce formulaire sont trait\u00e9es afin de vous contacter, suite \u00e0 votre demande, pour vous proposer des offres commerciales correspondant \u00e0 vos besoins en mati\u00e8re assurantielle ou r\u00e9pondre \u00e0 vos demandes d\u2019information. Les donn\u00e9es de ce formulaire seront conserv\u00e9es pendant 3 ans \u00e0 partir du dernier contact de votre part, sauf si vous vous y opposez. La base l\u00e9gale du traitement de vos donn\u00e9es est l\u2019int\u00e9r\u00eat l\u00e9gitime. Vous pouvez acc\u00e9der aux donn\u00e9es vous concernant, demander leur rectification ou leur effacement. Vous pouvez aussi vous opposer au traitement de vos donn\u00e9es ou en demander la limitation. Pour en savoir plus sur le traitement de vos donn\u00e9es personnelles et comment exercer ces droits vous pouvez consulter notre Politique de protection des donn\u00e9es.\nNous accompagnons et prot\u00e9geons les dirigeants d\u2019entreprises au travers de l\u2019ensemble des processus de d\u00e9veloppement et de d\u00e9cisions strat\u00e9giques.<\/label>\t\t\t<\/span>\n\t\t<\/div>\n\t\t\t\t\t\t<\/div>\n\t\t\t\t\t\t\t\t<div class=\"elementor-field-group elementor-column elementor-field-type-submit elementor-col-100 e-form__buttons\">\n\t\t\t\t\t<button class=\"elementor-button elementor-size-sm\" type=\"submit\">\n\t\t\t\t\t\t<span class=\"elementor-button-content-wrapper\">\n\t\t\t\t\t\t\t\t\t\t\t\t\t\t\t\t\t\t\t\t\t\t<span class=\"elementor-button-text\">Envoyer<\/span>\n\t\t\t\t\t\t\t\t\t\t\t\t\t<\/span>\n\t\t\t\t\t<\/button>\n\t\t\t\t<\/div>\n\t\t\t<\/div>\n\t\t<\/form>\n\t\t\t\t\t\t<\/div>\n\t\t\t\t<\/div>\n\t\t\t\t<\/div>\n\t\t\t\t\t<\/div>\n\t\t\t\t<\/div>\n\t\t<div class=\"elementor-element elementor-element-4a69f3d e-flex e-con-boxed e-con e-parent\" data-id=\"4a69f3d\" data-element_type=\"container\" data-e-type=\"container\">\n\t\t\t\t\t<div class=\"e-con-inner\">\n\t\t\t\t<div class=\"elementor-element elementor-element-46b8d18 elementor-widget elementor-widget-google_maps\" data-id=\"46b8d18\" data-element_type=\"widget\" data-e-type=\"widget\" data-widget_type=\"google_maps.default\">\n\t\t\t\t<div class=\"elementor-widget-container\">\n\t\t\t\t\t\t\t<div class=\"elementor-custom-embed\">\n\t\t\t<iframe loading=\"lazy\"\n\t\t\t\t\tsrc=\"https:\/\/maps.google.com\/maps?q=latresne%2C%2054-56%20chemin%20de%20lestey&#038;t=m&#038;z=13&#038;output=embed&#038;iwloc=near\"\n\t\t\t\t\ttitle=\"latresne, 54-56 chemin de lestey\"\n\t\t\t\t\taria-label=\"latresne, 54-56 chemin de lestey\"\n\t\t\t><\/iframe>\n\t\t<\/div>\n\t\t\t\t\t\t<\/div>\n\t\t\t\t<\/div>\n\t\t\t\t\t<\/div>\n\t\t\t\t<\/div>\n\t\t\t\t<\/div>\n\t\t","protected":false},"excerpt":{"rendered":"<p>Demandez votre diagnostic complet sans engagement<\/p>\n","protected":false},"author":1,"featured_media":0,"parent":0,"menu_order":0,"comment_status":"closed","ping_status":"closed","template":"","meta":{"footnotes":""},"class_list":["post-237","page","type-page","status-publish","hentry"],"yoast_head":"<!-- This site is optimized with the Yoast SEO plugin v27.4 - https:\/\/yoast.com\/product\/yoast-seo-wordpress\/ -->\n<title>Contact - Groupe Efficience Conseil<\/title>\n<meta name=\"robots\" content=\"index, follow, max-snippet:-1, max-image-preview:large, max-video-preview:-1\" \/>\n<link rel=\"canonical\" href=\"https:\/\/www.groupeefficience.com\/index.php\/contact-2\/\" \/>\n<meta property=\"og:locale\" content=\"fr_FR\" \/>\n<meta property=\"og:type\" content=\"article\" \/>\n<meta property=\"og:title\" content=\"Contact - Groupe Efficience Conseil\" \/>\n<meta property=\"og:description\" content=\"Demandez votre diagnostic complet sans engagement\" \/>\n<meta property=\"og:url\" content=\"https:\/\/www.groupeefficience.com\/index.php\/contact-2\/\" \/>\n<meta property=\"og:site_name\" content=\"Groupe Efficience Conseil\" \/>\n<meta property=\"article:modified_time\" content=\"2025-05-28T20:14:04+00:00\" \/>\n<meta name=\"twitter:card\" content=\"summary_large_image\" \/>\n<meta name=\"twitter:label1\" content=\"Dur\u00e9e de lecture estim\u00e9e\" \/>\n\t<meta name=\"twitter:data1\" content=\"1 minute\" \/>\n<script type=\"application\/ld+json\" class=\"yoast-schema-graph\">{\"@context\":\"https:\\\/\\\/schema.org\",\"@graph\":[{\"@type\":\"WebPage\",\"@id\":\"https:\\\/\\\/www.groupeefficience.com\\\/index.php\\\/contact-2\\\/\",\"url\":\"https:\\\/\\\/www.groupeefficience.com\\\/index.php\\\/contact-2\\\/\",\"name\":\"Contact - Groupe Efficience Conseil\",\"isPartOf\":{\"@id\":\"https:\\\/\\\/www.groupeefficience.com\\\/#website\"},\"datePublished\":\"2025-04-10T11:19:05+00:00\",\"dateModified\":\"2025-05-28T20:14:04+00:00\",\"breadcrumb\":{\"@id\":\"https:\\\/\\\/www.groupeefficience.com\\\/index.php\\\/contact-2\\\/#breadcrumb\"},\"inLanguage\":\"fr-FR\",\"potentialAction\":[{\"@type\":\"ReadAction\",\"target\":[\"https:\\\/\\\/www.groupeefficience.com\\\/index.php\\\/contact-2\\\/\"]}]},{\"@type\":\"BreadcrumbList\",\"@id\":\"https:\\\/\\\/www.groupeefficience.com\\\/index.php\\\/contact-2\\\/#breadcrumb\",\"itemListElement\":[{\"@type\":\"ListItem\",\"position\":1,\"name\":\"Accueil\",\"item\":\"https:\\\/\\\/www.groupeefficience.com\\\/\"},{\"@type\":\"ListItem\",\"position\":2,\"name\":\"Contact\"}]},{\"@type\":\"WebSite\",\"@id\":\"https:\\\/\\\/www.groupeefficience.com\\\/#website\",\"url\":\"https:\\\/\\\/www.groupeefficience.com\\\/\",\"name\":\"Groupe Efficience Conseil\",\"description\":\"Expert en Protection Sociale\",\"publisher\":{\"@id\":\"https:\\\/\\\/www.groupeefficience.com\\\/#organization\"},\"potentialAction\":[{\"@type\":\"SearchAction\",\"target\":{\"@type\":\"EntryPoint\",\"urlTemplate\":\"https:\\\/\\\/www.groupeefficience.com\\\/?s={search_term_string}\"},\"query-input\":{\"@type\":\"PropertyValueSpecification\",\"valueRequired\":true,\"valueName\":\"search_term_string\"}}],\"inLanguage\":\"fr-FR\"},{\"@type\":\"Organization\",\"@id\":\"https:\\\/\\\/www.groupeefficience.com\\\/#organization\",\"name\":\"Groupe Efficience Conseil\",\"url\":\"https:\\\/\\\/www.groupeefficience.com\\\/\",\"logo\":{\"@type\":\"ImageObject\",\"inLanguage\":\"fr-FR\",\"@id\":\"https:\\\/\\\/www.groupeefficience.com\\\/#\\\/schema\\\/logo\\\/image\\\/\",\"url\":\"https:\\\/\\\/www.groupeefficience.com\\\/wp-content\\\/uploads\\\/2025\\\/04\\\/groupe_efficence-logo150.png\",\"contentUrl\":\"https:\\\/\\\/www.groupeefficience.com\\\/wp-content\\\/uploads\\\/2025\\\/04\\\/groupe_efficence-logo150.png\",\"width\":932,\"height\":150,\"caption\":\"Groupe Efficience Conseil\"},\"image\":{\"@id\":\"https:\\\/\\\/www.groupeefficience.com\\\/#\\\/schema\\\/logo\\\/image\\\/\"}}]}<\/script>\n<!-- \/ Yoast SEO plugin. -->","yoast_head_json":{"title":"Contact - Groupe Efficience Conseil","robots":{"index":"index","follow":"follow","max-snippet":"max-snippet:-1","max-image-preview":"max-image-preview:large","max-video-preview":"max-video-preview:-1"},"canonical":"https:\/\/www.groupeefficience.com\/index.php\/contact-2\/","og_locale":"fr_FR","og_type":"article","og_title":"Contact - Groupe Efficience Conseil","og_description":"Demandez votre diagnostic complet sans engagement","og_url":"https:\/\/www.groupeefficience.com\/index.php\/contact-2\/","og_site_name":"Groupe Efficience Conseil","article_modified_time":"2025-05-28T20:14:04+00:00","twitter_card":"summary_large_image","twitter_misc":{"Dur\u00e9e de lecture estim\u00e9e":"1 minute"},"schema":{"@context":"https:\/\/schema.org","@graph":[{"@type":"WebPage","@id":"https:\/\/www.groupeefficience.com\/index.php\/contact-2\/","url":"https:\/\/www.groupeefficience.com\/index.php\/contact-2\/","name":"Contact - Groupe Efficience Conseil","isPartOf":{"@id":"https:\/\/www.groupeefficience.com\/#website"},"datePublished":"2025-04-10T11:19:05+00:00","dateModified":"2025-05-28T20:14:04+00:00","breadcrumb":{"@id":"https:\/\/www.groupeefficience.com\/index.php\/contact-2\/#breadcrumb"},"inLanguage":"fr-FR","potentialAction":[{"@type":"ReadAction","target":["https:\/\/www.groupeefficience.com\/index.php\/contact-2\/"]}]},{"@type":"BreadcrumbList","@id":"https:\/\/www.groupeefficience.com\/index.php\/contact-2\/#breadcrumb","itemListElement":[{"@type":"ListItem","position":1,"name":"Accueil","item":"https:\/\/www.groupeefficience.com\/"},{"@type":"ListItem","position":2,"name":"Contact"}]},{"@type":"WebSite","@id":"https:\/\/www.groupeefficience.com\/#website","url":"https:\/\/www.groupeefficience.com\/","name":"Groupe Efficience Conseil","description":"Expert en Protection Sociale","publisher":{"@id":"https:\/\/www.groupeefficience.com\/#organization"},"potentialAction":[{"@type":"SearchAction","target":{"@type":"EntryPoint","urlTemplate":"https:\/\/www.groupeefficience.com\/?s={search_term_string}"},"query-input":{"@type":"PropertyValueSpecification","valueRequired":true,"valueName":"search_term_string"}}],"inLanguage":"fr-FR"},{"@type":"Organization","@id":"https:\/\/www.groupeefficience.com\/#organization","name":"Groupe Efficience Conseil","url":"https:\/\/www.groupeefficience.com\/","logo":{"@type":"ImageObject","inLanguage":"fr-FR","@id":"https:\/\/www.groupeefficience.com\/#\/schema\/logo\/image\/","url":"https:\/\/www.groupeefficience.com\/wp-content\/uploads\/2025\/04\/groupe_efficence-logo150.png","contentUrl":"https:\/\/www.groupeefficience.com\/wp-content\/uploads\/2025\/04\/groupe_efficence-logo150.png","width":932,"height":150,"caption":"Groupe Efficience Conseil"},"image":{"@id":"https:\/\/www.groupeefficience.com\/#\/schema\/logo\/image\/"}}]}},"_links":{"self":[{"href":"https:\/\/www.groupeefficience.com\/index.php\/wp-json\/wp\/v2\/pages\/237","targetHints":{"allow":["GET"]}}],"collection":[{"href":"https:\/\/www.groupeefficience.com\/index.php\/wp-json\/wp\/v2\/pages"}],"about":[{"href":"https:\/\/www.groupeefficience.com\/index.php\/wp-json\/wp\/v2\/types\/page"}],"author":[{"embeddable":true,"href":"https:\/\/www.groupeefficience.com\/index.php\/wp-json\/wp\/v2\/users\/1"}],"replies":[{"embeddable":true,"href":"https:\/\/www.groupeefficience.com\/index.php\/wp-json\/wp\/v2\/comments?post=237"}],"version-history":[{"count":22,"href":"https:\/\/www.groupeefficience.com\/index.php\/wp-json\/wp\/v2\/pages\/237\/revisions"}],"predecessor-version":[{"id":1167,"href":"https:\/\/www.groupeefficience.com\/index.php\/wp-json\/wp\/v2\/pages\/237\/revisions\/1167"}],"wp:attachment":[{"href":"https:\/\/www.groupeefficience.com\/index.php\/wp-json\/wp\/v2\/media?parent=237"}],"curies":[{"name":"wp","href":"https:\/\/api.w.org\/{rel}","templated":true}]}}