{"id":496,"date":"2025-04-11T13:41:40","date_gmt":"2025-04-11T11:41:40","guid":{"rendered":"http:\/\/grouphl.cluster030.hosting.ovh.net\/?page_id=496"},"modified":"2025-04-11T14:22:58","modified_gmt":"2025-04-11T12:22:58","slug":"mentions-legales","status":"publish","type":"page","link":"https:\/\/www.groupeefficience.com\/index.php\/mentions-legales\/","title":{"rendered":"Mentions l\u00e9gales"},"content":{"rendered":"\t\t<div data-elementor-type=\"wp-page\" data-elementor-id=\"496\" class=\"elementor elementor-496\" data-elementor-post-type=\"page\">\n\t\t\t\t<div class=\"elementor-element elementor-element-34c0fe7 e-flex e-con-boxed e-con e-parent\" data-id=\"34c0fe7\" data-element_type=\"container\" data-e-type=\"container\">\n\t\t\t\t\t<div class=\"e-con-inner\">\n\t\t\t\t<div class=\"elementor-element elementor-element-6d20dcf elementor-widget elementor-widget-heading\" data-id=\"6d20dcf\" data-element_type=\"widget\" data-e-type=\"widget\" data-widget_type=\"heading.default\">\n\t\t\t\t<div class=\"elementor-widget-container\">\n\t\t\t\t\t<h2 class=\"elementor-heading-title elementor-size-default\">Mentions l\u00e8gales<\/h2>\t\t\t\t<\/div>\n\t\t\t\t<\/div>\n\t\t\t\t<div class=\"elementor-element elementor-element-99fc044 elementor-widget-divider--view-line elementor-widget elementor-widget-divider\" data-id=\"99fc044\" data-element_type=\"widget\" data-e-type=\"widget\" data-widget_type=\"divider.default\">\n\t\t\t\t<div class=\"elementor-widget-container\">\n\t\t\t\t\t\t\t<div class=\"elementor-divider\">\n\t\t\t<span class=\"elementor-divider-separator\">\n\t\t\t\t\t\t<\/span>\n\t\t<\/div>\n\t\t\t\t\t\t<\/div>\n\t\t\t\t<\/div>\n\t\t<div class=\"elementor-element elementor-element-24071ad e-con-full e-flex e-con e-child\" data-id=\"24071ad\" data-element_type=\"container\" data-e-type=\"container\">\n\t\t\t\t<div class=\"elementor-element elementor-element-d02206d elementor-widget elementor-widget-text-editor\" data-id=\"d02206d\" data-element_type=\"widget\" data-e-type=\"widget\" data-widget_type=\"text-editor.default\">\n\t\t\t\t<div class=\"elementor-widget-container\">\n\t\t\t\t\t\t\t\t\t<p>Directeur de la publication :<br \/>Monsieur Christophe GARCIA, Dirigeant<br \/>Groupe Efficience Conseil, 18 Chemin de Montichamp, 33360 Latresne<br \/><br \/><strong>Informations Editeurs du site<\/strong><br \/>Ce site a \u00e9t\u00e9 \u00e9labor\u00e9 en conformit\u00e9 avec les lois et r\u00e8glements en vigueur en France. Sont co\u00e9diteurs du site :<br \/>Louisfolke Studio<br \/>6 rue Charles Puyo, 33300 Bordeaux<br \/><strong>Et<\/strong><br \/>Groupe Efficience Conseil, courtier d\u2019assurance immatricul\u00e9 \u00e0 l\u2019ORIAS 08 045 036 et au RCS de Bordeaux 503 940 256,<br \/><br \/>Dont le si\u00e8ge social est situ\u00e9 18 chemin de Montichamp, 33360 Latresne<br \/>Groupe Efficience Conseil est contr\u00f4l\u00e9 dans l\u2019exercice de son activit\u00e9 par l\u2019ACPR, Autorit\u00e9 de contr\u00f4le prudentiel et de r\u00e9solution, 4 place de Budapest, 75436 PARIS.<br \/>Concepteur du siteLouisfolke Studio<br \/>6 rue Charles Puyo, 33300 Bordeaux<br \/><br \/><strong>H\u00e9bergeur du site<\/strong><br \/>O.V.H.<br \/>SAS au capital de 10 069 020 \u20ac<br \/>RCS Lille M\u00e9tropole 424 761 419 00045<br \/>Code APE 2620Z<br \/>N\u00b0 TVA : FR 22 424 761 419<br \/>Si\u00e8ge social : 2 rue Kellermann \u2013 59100 Roubaix \u2013 France<br \/><br \/>Contenus<br \/>Cr\u00e9dits photos : Adobe StockSans<br \/><br \/><strong>Responsabilit\u00e9s<\/strong><br \/>Groupe Efficience Conseil met tout en \u0153uvre pour offrir aux utilisateurs de ce site des informations, services et outils disponibles et conformes \u00e0 la r\u00e8glementation. Cependant, il ne saurait \u00eatre tenu responsable d\u2019une absence de disponibilit\u00e9 de ce site Internet et des services qu\u2019il propose, ou de la pr\u00e9sence de virus. Pour toute difficult\u00e9, nous vous remercions de bien vouloir contacter Groupe Efficience Conseil \u00e0 l\u2019adresse suivante : info@groupeefficience.com<br \/>Par ailleurs, les informations fournies n\u2019ont qu\u2019un caract\u00e8re informatif et ne sauraient \u00eatre utilis\u00e9es sans v\u00e9rification pr\u00e9alable par l\u2019internaute. Groupe Efficience Conseil ne saurait voir sa responsabilit\u00e9 engag\u00e9e \u00e0 raison de l\u2019utilisation et de l\u2019interpr\u00e9tation des informations fournies sur ces pages.<br \/><br \/><strong>Liens<\/strong><br \/>Notre site peut contenir des liens vers des sites partenaires ou de tiers. Groupe Efficience Conseil n\u2019exerce aucun contr\u00f4le sur ces sites et n\u2019assure par cons\u00e9quent aucune responsabilit\u00e9 quant \u00e0 la disponibilit\u00e9, le contenu, les publicit\u00e9s, produits ou services disponibles sur ou \u00e0 partir de ces sites. La mise en place d\u2019un lien hypertexte depuis un autre site Internet vers le site groupesofraco.fr doit faire l\u2019objet d\u2019une autorisation pr\u00e9alable.<br \/><br \/><strong>Propri\u00e9t\u00e9 intellectuelle<\/strong><br \/>Le contenu de ce site web est la propri\u00e9t\u00e9 de Groupe Efficience Conseil qui a proc\u00e9d\u00e9 au d\u00e9p\u00f4t de la marque.<br \/>Ce site rel\u00e8ve de la r\u00e9glementation applicable aux droits d\u2019auteur et \u00e0 la propri\u00e9t\u00e9 intellectuelle. Tous les droits de reproduction du contenu de ce site sont r\u00e9serv\u00e9s. Vous avez l\u2019autorisation de consulter les donn\u00e9es qu\u2019il contient pour votre seule utilisation personnelle non commerciale, ce qui exclut toute exploitation commerciale \u00e0 un niveau local, national ou international. Notamment, aucun logo, texte, son, graphique ou images contenues dans le site ne pourrait \u00eatre copi\u00e9, reproduit, modifi\u00e9, publi\u00e9, \u00e9mis, post\u00e9, transmis ou distribu\u00e9 par quelques moyens que ce soit sans l\u2019autorisation pr\u00e9alable \u00e9crite de Groupe Efficience Conseil.<br \/><br \/><strong>Cookies<\/strong><br \/>Lors de votre arriv\u00e9e sur le site Groupe Efficience Conseil, plusieurs cookies sont install\u00e9s sur votre disque dur. Ces cookies sont de petits fichiers textes, qui ne peuvent pas cacher de virus ou \u00eatre ex\u00e9cut\u00e9s. Pour en savoir plus sur les cookies : cliquez ici<\/p><p>\u00a0<\/p><p class=\"p1\"><br \/><br \/><\/p>\t\t\t\t\t\t\t\t<\/div>\n\t\t\t\t<\/div>\n\t\t\t\t<\/div>\n\t\t\t\t\t<\/div>\n\t\t\t\t<\/div>\n\t\t\t\t<\/div>\n\t\t","protected":false},"excerpt":{"rendered":"<p>Mentions l\u00e8gales Directeur de la publication :Monsieur Christophe GARCIA, DirigeantGroupe Efficience Conseil, 18 Chemin de Montichamp, 33360 Latresne Informations Editeurs du siteCe site a \u00e9t\u00e9 \u00e9labor\u00e9 en conformit\u00e9 avec les lois et r\u00e8glements en vigueur en France. Sont co\u00e9diteurs du site :Louisfolke Studio6 rue Charles Puyo, 33300 BordeauxEtGroupe Efficience Conseil, courtier d\u2019assurance immatricul\u00e9 \u00e0 l\u2019ORIAS [&hellip;]<\/p>\n","protected":false},"author":1,"featured_media":0,"parent":0,"menu_order":0,"comment_status":"closed","ping_status":"closed","template":"","meta":{"footnotes":""},"class_list":["post-496","page","type-page","status-publish","hentry"],"yoast_head":"<!-- This site is optimized with the Yoast SEO plugin v27.4 - https:\/\/yoast.com\/product\/yoast-seo-wordpress\/ -->\n<title>Mentions l\u00e9gales - Groupe Efficience Conseil<\/title>\n<meta name=\"robots\" content=\"index, follow, max-snippet:-1, max-image-preview:large, max-video-preview:-1\" \/>\n<link rel=\"canonical\" href=\"https:\/\/www.groupeefficience.com\/index.php\/mentions-legales\/\" \/>\n<meta property=\"og:locale\" content=\"fr_FR\" \/>\n<meta property=\"og:type\" content=\"article\" \/>\n<meta property=\"og:title\" content=\"Mentions l\u00e9gales - Groupe Efficience Conseil\" \/>\n<meta property=\"og:description\" content=\"Mentions l\u00e8gales Directeur de la publication :Monsieur Christophe GARCIA, DirigeantGroupe Efficience Conseil, 18 Chemin de Montichamp, 33360 Latresne Informations Editeurs du siteCe site a \u00e9t\u00e9 \u00e9labor\u00e9 en conformit\u00e9 avec les lois et r\u00e8glements en vigueur en France. Sont co\u00e9diteurs du site :Louisfolke Studio6 rue Charles Puyo, 33300 BordeauxEtGroupe Efficience Conseil, courtier d\u2019assurance immatricul\u00e9 \u00e0 l\u2019ORIAS [&hellip;]\" \/>\n<meta property=\"og:url\" content=\"https:\/\/www.groupeefficience.com\/index.php\/mentions-legales\/\" \/>\n<meta property=\"og:site_name\" content=\"Groupe Efficience Conseil\" \/>\n<meta property=\"article:modified_time\" content=\"2025-04-11T12:22:58+00:00\" \/>\n<meta name=\"twitter:card\" content=\"summary_large_image\" \/>\n<meta name=\"twitter:label1\" content=\"Dur\u00e9e de lecture estim\u00e9e\" \/>\n\t<meta name=\"twitter:data1\" content=\"3 minutes\" \/>\n<script type=\"application\/ld+json\" class=\"yoast-schema-graph\">{\"@context\":\"https:\\\/\\\/schema.org\",\"@graph\":[{\"@type\":\"WebPage\",\"@id\":\"https:\\\/\\\/www.groupeefficience.com\\\/index.php\\\/mentions-legales\\\/\",\"url\":\"https:\\\/\\\/www.groupeefficience.com\\\/index.php\\\/mentions-legales\\\/\",\"name\":\"Mentions l\u00e9gales - Groupe Efficience Conseil\",\"isPartOf\":{\"@id\":\"https:\\\/\\\/www.groupeefficience.com\\\/#website\"},\"datePublished\":\"2025-04-11T11:41:40+00:00\",\"dateModified\":\"2025-04-11T12:22:58+00:00\",\"breadcrumb\":{\"@id\":\"https:\\\/\\\/www.groupeefficience.com\\\/index.php\\\/mentions-legales\\\/#breadcrumb\"},\"inLanguage\":\"fr-FR\",\"potentialAction\":[{\"@type\":\"ReadAction\",\"target\":[\"https:\\\/\\\/www.groupeefficience.com\\\/index.php\\\/mentions-legales\\\/\"]}]},{\"@type\":\"BreadcrumbList\",\"@id\":\"https:\\\/\\\/www.groupeefficience.com\\\/index.php\\\/mentions-legales\\\/#breadcrumb\",\"itemListElement\":[{\"@type\":\"ListItem\",\"position\":1,\"name\":\"Accueil\",\"item\":\"https:\\\/\\\/www.groupeefficience.com\\\/\"},{\"@type\":\"ListItem\",\"position\":2,\"name\":\"Mentions l\u00e9gales\"}]},{\"@type\":\"WebSite\",\"@id\":\"https:\\\/\\\/www.groupeefficience.com\\\/#website\",\"url\":\"https:\\\/\\\/www.groupeefficience.com\\\/\",\"name\":\"Groupe Efficience Conseil\",\"description\":\"Expert en Protection Sociale\",\"publisher\":{\"@id\":\"https:\\\/\\\/www.groupeefficience.com\\\/#organization\"},\"potentialAction\":[{\"@type\":\"SearchAction\",\"target\":{\"@type\":\"EntryPoint\",\"urlTemplate\":\"https:\\\/\\\/www.groupeefficience.com\\\/?s={search_term_string}\"},\"query-input\":{\"@type\":\"PropertyValueSpecification\",\"valueRequired\":true,\"valueName\":\"search_term_string\"}}],\"inLanguage\":\"fr-FR\"},{\"@type\":\"Organization\",\"@id\":\"https:\\\/\\\/www.groupeefficience.com\\\/#organization\",\"name\":\"Groupe Efficience Conseil\",\"url\":\"https:\\\/\\\/www.groupeefficience.com\\\/\",\"logo\":{\"@type\":\"ImageObject\",\"inLanguage\":\"fr-FR\",\"@id\":\"https:\\\/\\\/www.groupeefficience.com\\\/#\\\/schema\\\/logo\\\/image\\\/\",\"url\":\"https:\\\/\\\/www.groupeefficience.com\\\/wp-content\\\/uploads\\\/2025\\\/04\\\/groupe_efficence-logo150.png\",\"contentUrl\":\"https:\\\/\\\/www.groupeefficience.com\\\/wp-content\\\/uploads\\\/2025\\\/04\\\/groupe_efficence-logo150.png\",\"width\":932,\"height\":150,\"caption\":\"Groupe Efficience Conseil\"},\"image\":{\"@id\":\"https:\\\/\\\/www.groupeefficience.com\\\/#\\\/schema\\\/logo\\\/image\\\/\"}}]}<\/script>\n<!-- \/ Yoast SEO plugin. -->","yoast_head_json":{"title":"Mentions l\u00e9gales - Groupe Efficience Conseil","robots":{"index":"index","follow":"follow","max-snippet":"max-snippet:-1","max-image-preview":"max-image-preview:large","max-video-preview":"max-video-preview:-1"},"canonical":"https:\/\/www.groupeefficience.com\/index.php\/mentions-legales\/","og_locale":"fr_FR","og_type":"article","og_title":"Mentions l\u00e9gales - Groupe Efficience Conseil","og_description":"Mentions l\u00e8gales Directeur de la publication :Monsieur Christophe GARCIA, DirigeantGroupe Efficience Conseil, 18 Chemin de Montichamp, 33360 Latresne Informations Editeurs du siteCe site a \u00e9t\u00e9 \u00e9labor\u00e9 en conformit\u00e9 avec les lois et r\u00e8glements en vigueur en France. Sont co\u00e9diteurs du site :Louisfolke Studio6 rue Charles Puyo, 33300 BordeauxEtGroupe Efficience Conseil, courtier d\u2019assurance immatricul\u00e9 \u00e0 l\u2019ORIAS [&hellip;]","og_url":"https:\/\/www.groupeefficience.com\/index.php\/mentions-legales\/","og_site_name":"Groupe Efficience Conseil","article_modified_time":"2025-04-11T12:22:58+00:00","twitter_card":"summary_large_image","twitter_misc":{"Dur\u00e9e de lecture estim\u00e9e":"3 minutes"},"schema":{"@context":"https:\/\/schema.org","@graph":[{"@type":"WebPage","@id":"https:\/\/www.groupeefficience.com\/index.php\/mentions-legales\/","url":"https:\/\/www.groupeefficience.com\/index.php\/mentions-legales\/","name":"Mentions l\u00e9gales - Groupe Efficience Conseil","isPartOf":{"@id":"https:\/\/www.groupeefficience.com\/#website"},"datePublished":"2025-04-11T11:41:40+00:00","dateModified":"2025-04-11T12:22:58+00:00","breadcrumb":{"@id":"https:\/\/www.groupeefficience.com\/index.php\/mentions-legales\/#breadcrumb"},"inLanguage":"fr-FR","potentialAction":[{"@type":"ReadAction","target":["https:\/\/www.groupeefficience.com\/index.php\/mentions-legales\/"]}]},{"@type":"BreadcrumbList","@id":"https:\/\/www.groupeefficience.com\/index.php\/mentions-legales\/#breadcrumb","itemListElement":[{"@type":"ListItem","position":1,"name":"Accueil","item":"https:\/\/www.groupeefficience.com\/"},{"@type":"ListItem","position":2,"name":"Mentions l\u00e9gales"}]},{"@type":"WebSite","@id":"https:\/\/www.groupeefficience.com\/#website","url":"https:\/\/www.groupeefficience.com\/","name":"Groupe Efficience Conseil","description":"Expert en Protection Sociale","publisher":{"@id":"https:\/\/www.groupeefficience.com\/#organization"},"potentialAction":[{"@type":"SearchAction","target":{"@type":"EntryPoint","urlTemplate":"https:\/\/www.groupeefficience.com\/?s={search_term_string}"},"query-input":{"@type":"PropertyValueSpecification","valueRequired":true,"valueName":"search_term_string"}}],"inLanguage":"fr-FR"},{"@type":"Organization","@id":"https:\/\/www.groupeefficience.com\/#organization","name":"Groupe Efficience Conseil","url":"https:\/\/www.groupeefficience.com\/","logo":{"@type":"ImageObject","inLanguage":"fr-FR","@id":"https:\/\/www.groupeefficience.com\/#\/schema\/logo\/image\/","url":"https:\/\/www.groupeefficience.com\/wp-content\/uploads\/2025\/04\/groupe_efficence-logo150.png","contentUrl":"https:\/\/www.groupeefficience.com\/wp-content\/uploads\/2025\/04\/groupe_efficence-logo150.png","width":932,"height":150,"caption":"Groupe Efficience Conseil"},"image":{"@id":"https:\/\/www.groupeefficience.com\/#\/schema\/logo\/image\/"}}]}},"_links":{"self":[{"href":"https:\/\/www.groupeefficience.com\/index.php\/wp-json\/wp\/v2\/pages\/496","targetHints":{"allow":["GET"]}}],"collection":[{"href":"https:\/\/www.groupeefficience.com\/index.php\/wp-json\/wp\/v2\/pages"}],"about":[{"href":"https:\/\/www.groupeefficience.com\/index.php\/wp-json\/wp\/v2\/types\/page"}],"author":[{"embeddable":true,"href":"https:\/\/www.groupeefficience.com\/index.php\/wp-json\/wp\/v2\/users\/1"}],"replies":[{"embeddable":true,"href":"https:\/\/www.groupeefficience.com\/index.php\/wp-json\/wp\/v2\/comments?post=496"}],"version-history":[{"count":7,"href":"https:\/\/www.groupeefficience.com\/index.php\/wp-json\/wp\/v2\/pages\/496\/revisions"}],"predecessor-version":[{"id":509,"href":"https:\/\/www.groupeefficience.com\/index.php\/wp-json\/wp\/v2\/pages\/496\/revisions\/509"}],"wp:attachment":[{"href":"https:\/\/www.groupeefficience.com\/index.php\/wp-json\/wp\/v2\/media?parent=496"}],"curies":[{"name":"wp","href":"https:\/\/api.w.org\/{rel}","templated":true}]}}